{"id":3066,"date":"2024-06-11T17:57:54","date_gmt":"2024-06-11T22:57:54","guid":{"rendered":"https:\/\/dagmabtl.com\/?page_id=3066"},"modified":"2024-06-11T23:09:49","modified_gmt":"2024-06-12T04:09:49","slug":"marketing","status":"publish","type":"page","link":"https:\/\/dagmabtl.com\/?page_id=3066","title":{"rendered":"Marketing"},"content":{"rendered":"\n<p>En nuestra agencia, nos especializamos en estrategias de marketing Below-the-Line (BTL) dise\u00f1adas para crear conexiones directas y significativas entre las marcas y sus consumidores. Nuestro enfoque est\u00e1 en desarrollar campa\u00f1as personalizadas y creativas que resuenen con el p\u00fablico objetivo, utilizando m\u00e9todos innovadores y no convencionales para destacarnos en el mercado.<\/p>\n\n\n\n<h4 class=\"wp-block-heading\"><strong>Servicios inclu\u00eddos:<\/strong><\/h4>\n\n\n\n<hr class=\"wp-block-separator has-alpha-channel-opacity\"\/>\n\n\n\n<ul class=\"wp-block-list\">\n<li><a href=\"https:\/\/dagmabtl.com\/marketing\/activaciones-btl\/\" title=\"\">Activaciones BTL<\/a><\/li>\n\n\n\n<li><a href=\"https:\/\/dagmabtl.com\/marketing\/endo-marketing\/\" title=\"\">Endo Marketing<\/a><\/li>\n\n\n\n<li><a href=\"https:\/\/dagmabtl.com\/marketing\/eventos-corporativos\/\" title=\"\">Eventos Corporativos<\/a><\/li>\n\n\n\n<li><a href=\"https:\/\/dagmabtl.com\/marketing\/trade-marketing\/\" title=\"\">Trade Marketing<\/a><\/li>\n\n\n\n<li><a href=\"https:\/\/dagmabtl.com\/marketing\/merchandising\/\" title=\"\">Merchandising<\/a><\/li>\n\n\n\n<li><a href=\"https:\/\/dagmabtl.com\/marketing\/influencers\/\" title=\"\">Influencers<\/a><\/li>\n<\/ul>\n\n\n\n<hr class=\"wp-block-separator has-alpha-channel-opacity\"\/>\n\n\n\n<p><\/p>\n","protected":false},"excerpt":{"rendered":"<p>En nuestra agencia, nos especializamos en estrategias de marketing Below-the-Line (BTL) dise\u00f1adas para crear conexiones directas y significativas entre las marcas y [&hellip;]<\/p>\n","protected":false},"author":1,"featured_media":0,"parent":0,"menu_order":0,"comment_status":"closed","ping_status":"closed","template":"elementor_theme","meta":{"footnotes":""},"class_list":["post-3066","page","type-page","status-publish","hentry"],"_links":{"self":[{"href":"https:\/\/dagmabtl.com\/index.php?rest_route=\/wp\/v2\/pages\/3066","targetHints":{"allow":["GET"]}}],"collection":[{"href":"https:\/\/dagmabtl.com\/index.php?rest_route=\/wp\/v2\/pages"}],"about":[{"href":"https:\/\/dagmabtl.com\/index.php?rest_route=\/wp\/v2\/types\/page"}],"author":[{"embeddable":true,"href":"https:\/\/dagmabtl.com\/index.php?rest_route=\/wp\/v2\/users\/1"}],"replies":[{"embeddable":true,"href":"https:\/\/dagmabtl.com\/index.php?rest_route=%2Fwp%2Fv2%2Fcomments&post=3066"}],"version-history":[{"count":0,"href":"https:\/\/dagmabtl.com\/index.php?rest_route=\/wp\/v2\/pages\/3066\/revisions"}],"wp:attachment":[{"href":"https:\/\/dagmabtl.com\/index.php?rest_route=%2Fwp%2Fv2%2Fmedia&parent=3066"}],"curies":[{"name":"wp","href":"https:\/\/api.w.org\/{rel}","templated":true}]}}